{"id":2044,"date":"2026-03-29T16:29:45","date_gmt":"2026-03-29T16:29:45","guid":{"rendered":"https:\/\/fortna-jobs.adecco.cz\/lide-fortny\/"},"modified":"2026-03-29T16:29:45","modified_gmt":"2026-03-29T16:29:45","slug":"lide-fortny","status":"publish","type":"page","link":"https:\/\/fortna-jobs.adecco.cz\/en\/lide-fortny\/","title":{"rendered":"Lid\u00e9 FORTNY"},"content":{"rendered":"\t\t<div data-elementor-type=\"wp-page\" data-elementor-id=\"2044\" class=\"elementor elementor-2044 elementor-1948\" data-elementor-post-type=\"page\">\n\t\t\t\t<div class=\"elementor-element elementor-element-3f214a9 e-flex e-con-boxed e-con e-parent\" data-id=\"3f214a9\" data-element_type=\"container\" data-e-type=\"container\" data-settings=\"{&quot;background_background&quot;:&quot;classic&quot;}\">\n\t\t\t\t\t<div class=\"e-con-inner\">\n\t\t\t\t<div class=\"elementor-element elementor-element-4fdb6cfb elementor-widget elementor-widget-heading\" data-id=\"4fdb6cfb\" data-element_type=\"widget\" data-e-type=\"widget\" data-widget_type=\"heading.default\">\n\t\t\t\t<div class=\"elementor-widget-container\">\n\t\t\t\t\t<h1 class=\"elementor-heading-title elementor-size-default\">Lid\u00e9 FORTNY<\/h1>\t\t\t\t<\/div>\n\t\t\t\t<\/div>\n\t\t\t\t<div class=\"elementor-element elementor-element-45a1675 elementor-widget-divider--view-line elementor-widget elementor-widget-divider\" data-id=\"45a1675\" data-element_type=\"widget\" data-e-type=\"widget\" data-widget_type=\"divider.default\">\n\t\t\t\t<div class=\"elementor-widget-container\">\n\t\t\t\t\t\t\t<div class=\"elementor-divider\">\n\t\t\t<span class=\"elementor-divider-separator\">\n\t\t\t\t\t\t<\/span>\n\t\t<\/div>\n\t\t\t\t\t\t<\/div>\n\t\t\t\t<\/div>\n\t\t\t\t\t<\/div>\n\t\t\t\t<\/div>\n\t\t<div class=\"elementor-element elementor-element-aed1352 e-flex e-con-boxed e-con e-parent\" data-id=\"aed1352\" data-element_type=\"container\" data-e-type=\"container\" data-settings=\"{&quot;background_background&quot;:&quot;classic&quot;}\">\n\t\t\t\t\t<div class=\"e-con-inner\">\n\t\t<div class=\"elementor-element elementor-element-babc294 e-con-full e-flex e-con e-child\" data-id=\"babc294\" data-element_type=\"container\" data-e-type=\"container\">\n\t\t<div class=\"elementor-element elementor-element-d51ea6e e-con-full e-flex e-con e-child\" data-id=\"d51ea6e\" data-element_type=\"container\" data-e-type=\"container\" data-settings=\"{&quot;motion_fx_motion_fx_mouse&quot;:&quot;yes&quot;}\">\n\t\t\t\t<div class=\"elementor-element elementor-element-11e7092 elementor-widget elementor-widget-heading\" data-id=\"11e7092\" data-element_type=\"widget\" data-e-type=\"widget\" data-widget_type=\"heading.default\">\n\t\t\t\t<div class=\"elementor-widget-container\">\n\t\t\t\t\t<h2 class=\"elementor-heading-title elementor-size-default\">FORTNA: Sv\u011btov\u00e1 kari\u00e9ra kousek od v\u00e1s<\/h2>\t\t\t\t<\/div>\n\t\t\t\t<\/div>\n\t\t\t\t<div class=\"elementor-element elementor-element-555207f2 elementor-widget elementor-widget-text-editor\" data-id=\"555207f2\" data-element_type=\"widget\" data-e-type=\"widget\" data-widget_type=\"text-editor.default\">\n\t\t\t\t<div class=\"elementor-widget-container\">\n\t\t\t\t\t\t\t\t\t<p><strong>Kdy\u017e t\u011b\u017ekou pr\u00e1ci p\u0159eberou stroje, lidem to d\u00e1 prostor se rozv\u00edjet. Do nejmodern\u011bj\u0161\u00edho distribu\u010dn\u00edho centra v\u00a0Evrop\u011b l\u00e1k\u00e1 uchaze\u010de Hana \u0160matov\u00e1 ze spole\u010dnosti FORTNA.<\/strong><\/p><p><strong>V roce 2026 otev\u0159e d\u00edky FORTN\u011a nedaleko Chebu nov\u00e9 distribu\u010dn\u00ed centrum. M\u00e1 b\u00fdt nejchyt\u0159ej\u0161\u00ed v Evrop\u011b. Co si pod t\u00edm p\u0159edstavit?<\/strong><\/p>\t\t\t\t\t\t\t\t<\/div>\n\t\t\t\t<\/div>\n\t\t\t\t<div class=\"elementor-element elementor-element-2a793594 elementor-widget elementor-widget-text-editor\" data-id=\"2a793594\" data-element_type=\"widget\" data-e-type=\"widget\" data-widget_type=\"text-editor.default\">\n\t\t\t\t<div class=\"elementor-widget-container\">\n\t\t\t\t\t\t\t\t\t<p>P\u016fjde o vysoce automatizovan\u00e9 a digit\u00e1ln\u011b \u0159\u00edzen\u00e9 distribu\u010dn\u00ed centrum, kter\u00e9 bude v re\u00e1ln\u00e9m \u010dase samo optimalizovat tok zbo\u017e\u00ed i pr\u00e1ci lid\u00ed. Stroje, roboti a dopravn\u00edky budou \u0159\u00edzeny inteligentn\u00edmi algoritmy, co se neust\u00e1le u\u010d\u00ed a zvy\u0161uj\u00ed efektivitu i udr\u017eitelnost provozu. FORTNA si tento software vyv\u00edj\u00ed sama.<\/p>\t\t\t\t\t\t\t\t<\/div>\n\t\t\t\t<\/div>\n\t\t\t\t<div class=\"elementor-element elementor-element-493e89f3 elementor-widget elementor-widget-text-editor\" data-id=\"493e89f3\" data-element_type=\"widget\" data-e-type=\"widget\" data-widget_type=\"text-editor.default\">\n\t\t\t\t<div class=\"elementor-widget-container\">\n\t\t\t\t\t\t\t\t\t<p><strong>Jakou roli hraj\u00ed zam\u011bstnanci, kdy\u017e t\u011b\u017ekou d\u0159inu obstaraj\u00ed stroje?<\/strong><\/p><p>Role lid\u00ed je kl\u00ed\u010dov\u00e1! Stroje p\u0159eb\u00edraj\u00ed fyzicky n\u00e1ro\u010dnou a rutinn\u00ed pr\u00e1ci, zat\u00edmco zam\u011bstnanci se soust\u0159ed\u00ed na dohled nad provozem, \u0159e\u0161en\u00ed nestandardn\u00edch situac\u00ed, pr\u00e1ci s daty, technickou podporu nebo zlep\u0161ov\u00e1n\u00ed proces\u016f. Pr\u00e1ce je d\u00edky tomu m\u00e9n\u011b nam\u00e1hav\u00e1, kvalifikovan\u011bj\u0161\u00ed a zaj\u00edmav\u011bj\u0161\u00ed. Lid\u00e9 jsou mozkem cel\u00e9ho syst\u00e9mu \u2013 technologie bez nich nem\u016f\u017eou fungovat.<\/p>\t\t\t\t\t\t\t\t<\/div>\n\t\t\t\t<\/div>\n\t\t\t\t<\/div>\n\t\t\t\t<\/div>\n\t\t<div class=\"elementor-element elementor-element-a8545bb e-con-full e-flex e-con e-child\" data-id=\"a8545bb\" data-element_type=\"container\" data-e-type=\"container\">\n\t\t<div class=\"elementor-element elementor-element-342e3404 e-con-full e-flex e-con e-child\" data-id=\"342e3404\" data-element_type=\"container\" data-e-type=\"container\">\n\t\t\t\t<div class=\"elementor-element elementor-element-16ced05a elementor-widget elementor-widget-text-editor\" data-id=\"16ced05a\" data-element_type=\"widget\" data-e-type=\"widget\" data-widget_type=\"text-editor.default\">\n\t\t\t\t<div class=\"elementor-widget-container\">\n\t\t\t\t\t\t\t\t\t<p><strong>Koho je\u0161t\u011b hled\u00e1te?<\/strong><\/p><p>Specialisty na konkr\u00e9tn\u00ed technologie, techniky, in\u017een\u00fdry zam\u011b\u0159uj\u00edc\u00ed se na zlep\u0161ov\u00e1n\u00ed syst\u00e9m\u016f, pracovn\u00edky pro syst\u00e9movou podporu nebo lidi na vedouc\u00ed m\u00edsta. V\u011b\u0159\u00edme, \u017ee investice do lid\u00ed m\u00e1 smysl. Proto zam\u011bstnanc\u016fm nab\u00edz\u00edme mo\u017enost dal\u0161\u00edho vzd\u011bl\u00e1v\u00e1n\u00ed \u2013 nov\u011b nap\u0159\u00edklad kurzy angli\u010dtiny p\u0159\u00edmo na pracovi\u0161ti. K tomu p\u0159id\u00e1v\u00e1me velmi \u0161t\u011bdr\u00fd p\u0159\u00edsp\u011bvek na Pluxee Flexi Benefit kart\u00e1ch, kter\u00e9 mohou vyu\u017e\u00edt ve voln\u00e9m \u010dase s rodinou a p\u0159\u00e1teli. A k tomu samoz\u0159ejm\u011b spoustu dal\u0161\u00edch benefit\u016f!<\/p><p><em>V\u00edce na FORTNAjob.cz.<\/em><\/p>\t\t\t\t\t\t\t\t<\/div>\n\t\t\t\t<\/div>\n\t\t\t\t<div class=\"elementor-element elementor-element-fdc9387 elementor-widget elementor-widget-image\" data-id=\"fdc9387\" data-element_type=\"widget\" data-e-type=\"widget\" data-widget_type=\"image.default\">\n\t\t\t\t<div class=\"elementor-widget-container\">\n\t\t\t\t\t\t\t\t\t\t\t\t\t\t\t<img fetchpriority=\"high\" decoding=\"async\" width=\"800\" height=\"997\" src=\"https:\/\/fortna-jobs.adecco.cz\/wp-content\/uploads\/2026\/03\/Hana-Smatova.png\" class=\"attachment-large size-large wp-image-1908\" alt=\"\" srcset=\"https:\/\/fortna-jobs.adecco.cz\/wp-content\/uploads\/2026\/03\/Hana-Smatova.png 812w, https:\/\/fortna-jobs.adecco.cz\/wp-content\/uploads\/2026\/03\/Hana-Smatova-241x300.png 241w, https:\/\/fortna-jobs.adecco.cz\/wp-content\/uploads\/2026\/03\/Hana-Smatova-768x957.png 768w\" sizes=\"(max-width: 800px) 100vw, 800px\" \/>\t\t\t\t\t\t\t\t\t\t\t\t\t\t\t<\/div>\n\t\t\t\t<\/div>\n\t\t\t\t<\/div>\n\t\t\t\t<\/div>\n\t\t\t\t\t<\/div>\n\t\t\t\t<\/div>\n\t\t<div class=\"elementor-element elementor-element-a971e6a e-flex e-con-boxed e-con e-parent\" data-id=\"a971e6a\" data-element_type=\"container\" data-e-type=\"container\">\n\t\t\t\t\t<div class=\"e-con-inner\">\n\t\t<div class=\"elementor-element elementor-element-0ccdc3a e-con-full e-flex e-con e-child\" data-id=\"0ccdc3a\" data-element_type=\"container\" data-e-type=\"container\">\n\t\t<div class=\"elementor-element elementor-element-c30890d e-con-full e-flex e-con e-child\" data-id=\"c30890d\" data-element_type=\"container\" data-e-type=\"container\" data-settings=\"{&quot;motion_fx_motion_fx_mouse&quot;:&quot;yes&quot;}\">\n\t\t\t\t<div class=\"elementor-element elementor-element-7ba1ff48 elementor-widget elementor-widget-image\" data-id=\"7ba1ff48\" data-element_type=\"widget\" data-e-type=\"widget\" data-widget_type=\"image.default\">\n\t\t\t\t<div class=\"elementor-widget-container\">\n\t\t\t\t\t\t\t\t\t\t\t\t\t\t\t<img decoding=\"async\" width=\"800\" height=\"957\" src=\"https:\/\/fortna-jobs.adecco.cz\/wp-content\/uploads\/2026\/03\/JOSEF-856x1024.png\" class=\"attachment-large size-large wp-image-1918\" alt=\"\" srcset=\"https:\/\/fortna-jobs.adecco.cz\/wp-content\/uploads\/2026\/03\/JOSEF-856x1024.png 856w, https:\/\/fortna-jobs.adecco.cz\/wp-content\/uploads\/2026\/03\/JOSEF-251x300.png 251w, https:\/\/fortna-jobs.adecco.cz\/wp-content\/uploads\/2026\/03\/JOSEF-768x918.png 768w, https:\/\/fortna-jobs.adecco.cz\/wp-content\/uploads\/2026\/03\/JOSEF.png 1216w\" sizes=\"(max-width: 800px) 100vw, 800px\" \/>\t\t\t\t\t\t\t\t\t\t\t\t\t\t\t<\/div>\n\t\t\t\t<\/div>\n\t\t\t\t<div class=\"elementor-element elementor-element-25002451 elementor-widget elementor-widget-heading\" data-id=\"25002451\" data-element_type=\"widget\" data-e-type=\"widget\" data-widget_type=\"heading.default\">\n\t\t\t\t<div class=\"elementor-widget-container\">\n\t\t\t\t\t<h2 class=\"elementor-heading-title elementor-size-default\">Pr\u00e1ce pro FORTNU? Jako kdy\u017e jde d\u00edt\u011b do hra\u010dk\u00e1\u0159stv\u00ed!<\/h2>\t\t\t\t<\/div>\n\t\t\t\t<\/div>\n\t\t\t\t<div class=\"elementor-element elementor-element-19af9719 elementor-widget elementor-widget-text-editor\" data-id=\"19af9719\" data-element_type=\"widget\" data-e-type=\"widget\" data-widget_type=\"text-editor.default\">\n\t\t\t\t<div class=\"elementor-widget-container\">\n\t\t\t\t\t\t\t\t\t<p><strong>Josef Lacina vede ve FORTN\u011a t\u00fdm \u00fadr\u017eby. A hled\u00e1 k sob\u011b par\u0165\u00e1ky, co mu budou pom\u00e1hat starat se o modern\u00ed technologie ve skladu v\u00a0Chebu \u2013 nejvysp\u011blej\u0161\u00edm sv\u00e9ho druhu v Evrop\u011b.<\/strong><\/p>\t\t\t\t\t\t\t\t<\/div>\n\t\t\t\t<\/div>\n\t\t\t\t<div class=\"elementor-element elementor-element-2fe52ccd elementor-widget elementor-widget-text-editor\" data-id=\"2fe52ccd\" data-element_type=\"widget\" data-e-type=\"widget\" data-widget_type=\"text-editor.default\">\n\t\t\t\t<div class=\"elementor-widget-container\">\n\t\t\t\t\t\t\t\t\t<p><strong>Co v\u00e1s nal\u00e1kalo j\u00edt pracovat do FORTNY?<\/strong><\/p><p>P\u016fvodn\u011b jsem pracoval pro jednoho ze subdodavatel\u016f, kte\u0159\u00ed pom\u00e1hali zdej\u0161\u00ed sklad stav\u011bt, a ten projekt m\u011b hned zaujal. U\u017e d\u0159\u00edv jsem d\u011blal pro logistick\u00e9 sklady, ale tenhle je nejv\u011bt\u0161\u00ed a nejmodern\u011bj\u0161\u00ed v Evrop\u011b \u2013 koho by to nel\u00e1kalo? Automatizace, o kterou se star\u00e1 pr\u00e1v\u011b FORTNA, je tady mnohem chyt\u0159ej\u0161\u00ed a inovativn\u011bj\u0161\u00ed ne\u017e cokoliv, s \u010d\u00edm jsem se d\u0159\u00edv setkal. Kdy\u017e p\u0159i\u0161la nab\u00eddka, nev\u00e1hal jsem. Nyn\u00ed jsem tu u\u017e p\u0159es rok.<\/p>\t\t\t\t\t\t\t\t<\/div>\n\t\t\t\t<\/div>\n\t\t\t\t<div class=\"elementor-element elementor-element-5e42c541 elementor-widget elementor-widget-text-editor\" data-id=\"5e42c541\" data-element_type=\"widget\" data-e-type=\"widget\" data-widget_type=\"text-editor.default\">\n\t\t\t\t<div class=\"elementor-widget-container\">\n\t\t\t\t\t\t\t\t\t<p><strong>Kter\u00e1 z\u00a0technologi\u00ed v\u00e1s zaujala nejv\u00edc?<\/strong><\/p><p>Syst\u00e9m, na kter\u00e9m v\u0161echno b\u011b\u017e\u00ed, je p\u0159ehledn\u00fd, snadno se ovl\u00e1d\u00e1 i u\u010d\u00ed, m\u00e1 skv\u011blou diagnostiku a spoustu dal\u0161\u00edch funkc\u00ed. Ale up\u0159\u00edmn\u011b, skv\u011bl\u00e9 jsou v\u0161echny technologie. S kluky si n\u011bkdy p\u0159ipad\u00e1me jako d\u011bti v hra\u010dk\u00e1\u0159stv\u00ed. Je to radost. A nav\u00edc si ty \u201ehra\u010dky\u201c m\u016f\u017eeme sami vylep\u0161ovat.<\/p><p><strong>Co tedy ve FORTN\u011a d\u011bl\u00e1te?<\/strong><\/p><p>Jsem team leader v \u00fadr\u017eb\u011b. Sna\u017e\u00edm se, aby kluci v\u00a0m\u00e9m t\u00fdmu byli v\u00a0pohod\u011b, a zaji\u0161\u0165uju jim v\u0161echno, co pot\u0159ebuj\u00ed, aby svou pr\u00e1ci d\u011blali dob\u0159e. M\u00e1me na starosti preventivn\u00ed i reaktivn\u00ed \u00fadr\u017ebu \u2013 probl\u00e9m\u016fm p\u0159edch\u00e1z\u00edme, a kdy\u017e n\u011bjak\u00fd vznikne, \u0159e\u0161\u00edme ho.<\/p>\t\t\t\t\t\t\t\t<\/div>\n\t\t\t\t<\/div>\n\t\t\t\t<\/div>\n\t\t\t\t<\/div>\n\t\t<div class=\"elementor-element elementor-element-b30009e e-con-full e-flex e-con e-child\" data-id=\"b30009e\" data-element_type=\"container\" data-e-type=\"container\">\n\t\t<div class=\"elementor-element elementor-element-5ff9fb0d e-con-full e-flex e-con e-child\" data-id=\"5ff9fb0d\" data-element_type=\"container\" data-e-type=\"container\">\n\t\t\t\t<div class=\"elementor-element elementor-element-456466f elementor-widget elementor-widget-text-editor\" data-id=\"456466f\" data-element_type=\"widget\" data-e-type=\"widget\" data-widget_type=\"text-editor.default\">\n\t\t\t\t<div class=\"elementor-widget-container\">\n\t\t\t\t\t\t\t\t\t<p><strong>Je vzru\u0161uj\u00edc\u00ed b\u00fdt u toho, kdy\u017e takov\u00fd sklad vznik\u00e1 v\u00a0podstat\u011b na zelen\u00e9 louce?<\/strong><\/p><p>Je to super! V p\u0159edchoz\u00ed pr\u00e1ci jsem d\u011blal s hotov\u00fdmi n\u00e1stroji a \u010dasto jsem si \u0159\u00edkal, jestli ten, kdo je navrhoval, v\u016fbec p\u0159em\u00fd\u0161lel o tom, jak se budou v praxi pou\u017e\u00edvat. Tady si je nastavujeme a p\u0159izp\u016fsobujeme sami. A nav\u00edc m\u00e1m pocit, \u017ee moje slovo m\u00e1 v\u00e1hu a \u017ee m\u016f\u017eu v\u011bci skute\u010dn\u011b ovlivnit.<\/p><p><strong>Jste zat\u00edm v testovac\u00edm provozu, ale z\u00e1rove\u0148 se asi t\u011b\u0161\u00edte, a\u017e se v\u0161echno spust\u00ed naplno&#8230;<\/strong><\/p><p>Jasn\u011b, hlavn\u011b na ten zdrav\u00fd stres, kter\u00fd s ostr\u00fdm provozem p\u0159ijde. Proto\u017ee teprve tehdy \u010dlov\u011bk odv\u00e1d\u00ed tu nejlep\u0161\u00ed pr\u00e1ci.<\/p>\t\t\t\t\t\t\t\t<\/div>\n\t\t\t\t<\/div>\n\t\t\t\t<div class=\"elementor-element elementor-element-3c5addc elementor-widget elementor-widget-text-editor\" data-id=\"3c5addc\" data-element_type=\"widget\" data-e-type=\"widget\" data-widget_type=\"text-editor.default\">\n\t\t\t\t<div class=\"elementor-widget-container\">\n\t\t\t\t\t\t\t\t\t<p><strong>Zm\u00ednil jste, \u017ee va\u0161e slovo m\u00e1 v\u00e1hu. Vn\u00edm\u00e1te, \u017ee v\u00e1m FORTNA d\u00e1v\u00e1 p\u0159\u00edle\u017eitosti se d\u00e1l rozv\u00edjet?<\/strong><\/p><p>Vzd\u011bl\u00e1v\u00e1n\u00ed je tu \u00fapln\u011b jinde ne\u017e v\u0161echno, co jsem dosud za\u017eil. Po\u0159\u00e1d se posouv\u00e1m v jednotliv\u00fdch technologi\u00edch. Nav\u00edc vid\u00edm, \u017ee moje pr\u00e1ce m\u00e1 okam\u017eit\u00fd dopad. Nen\u00ed to tak, \u017ee se v\u00e1\u0161 n\u00e1pad n\u011bkam zap\u00ed\u0161e a za m\u011bs\u00edc se dozv\u00edte, \u017ee to nejde.<\/p><p><strong>Vn\u00edm\u00e1te p\u0159\u00edle\u017eitosti i v\u00a0tom, \u017ee je FORTNA glob\u00e1ln\u00ed firma?<\/strong><\/p><p>Ur\u010dit\u011b. M\u00e1me kolegy z r\u016fzn\u00fdch zem\u00ed a mo\u017enost vyjet do zahrani\u010d\u00ed a pod\u00edvat se, jak se podobn\u00e9 v\u011bci \u0159e\u0161\u00ed jinde. A taky v\u00edm, \u017ee \u010dasem se m\u016f\u017eu dostat i na dal\u0161\u00ed zaj\u00edmav\u00fd projekt, t\u0159eba na druh\u00e9m konci sv\u011bta.<\/p><p><strong>Jste s\u00e1m p\u0159\u00edmo z\u00a0Chebu. P\u0159ekvapilo v\u00e1s, \u017ee v\u00e1m takhle modern\u00ed projekt evropsk\u00fdch rozm\u011br\u016f roste \u201eza bar\u00e1kem\u201c?<\/strong><\/p><p>Bydl\u00edm jenom kousek odsud a bylo to fakt pozitivn\u00ed p\u0159ekvapen\u00ed. Vznik\u00e1 tu n\u011bco v\u00fdznamn\u00e9ho, co by \u010dlov\u011bk \u010dekal sp\u00ed\u0161 u Prahy. Nav\u00edc se FORTNA sna\u017e\u00ed pom\u00e1hat i m\u00edstn\u00ed komunit\u011b, v\u010detn\u011b podpory chebsk\u00e9ho fotbalov\u00e9ho klubu, za kter\u00fd jsem s\u00e1m hr\u00e1val.<\/p><p><strong>I ve va\u0161em t\u00fdmu st\u00e1le je\u0161t\u011b p\u00e1r lid\u00ed chyb\u00ed. Jak byste je nal\u00e1kal do FORTNY?<\/strong><\/p><p>Jestli chcete pracovat s t\u011bmi nejzaj\u00edmav\u011bj\u0161\u00edmi technologiemi v logistice, poznat nov\u00e9 lidi, b\u00fdt sou\u010d\u00e1st\u00ed mezin\u00e1rodn\u00ed firmy a m\u00edt prostor b\u00fdt kreativn\u00ed i iniciativn\u00ed, poj\u010fte k n\u00e1m. Budete \u0159e\u0161it zaj\u00edmav\u00e9 probl\u00e9my a j\u00e1 jako team leader ud\u011bl\u00e1m maximum pro to, abyste k n\u00e1m dob\u0159e zapadli.<\/p>\t\t\t\t\t\t\t\t<\/div>\n\t\t\t\t<\/div>\n\t\t\t\t<\/div>\n\t\t\t\t<\/div>\n\t\t\t\t\t<\/div>\n\t\t\t\t<\/div>\n\t\t\t\t<\/div>\n\t\t","protected":false},"excerpt":{"rendered":"<p>Lid\u00e9 FORTNY FORTNA: Sv\u011btov\u00e1 kari\u00e9ra kousek od v\u00e1s Kdy\u017e t\u011b\u017ekou pr\u00e1ci p\u0159eberou stroje, lidem to d\u00e1 prostor se rozv\u00edjet. Do nejmodern\u011bj\u0161\u00edho distribu\u010dn\u00edho centra v\u00a0Evrop\u011b l\u00e1k\u00e1 uchaze\u010de Hana \u0160matov\u00e1 ze spole\u010dnosti FORTNA. V roce 2026 otev\u0159e d\u00edky FORTN\u011a nedaleko Chebu nov\u00e9 distribu\u010dn\u00ed centrum. M\u00e1 b\u00fdt nejchyt\u0159ej\u0161\u00ed v Evrop\u011b. Co si pod t\u00edm p\u0159edstavit? P\u016fjde o vysoce [&hellip;]<\/p>\n","protected":false},"author":1,"featured_media":0,"parent":0,"menu_order":0,"comment_status":"closed","ping_status":"closed","template":"","meta":{"footnotes":""},"class_list":["post-2044","page","type-page","status-publish","hentry"],"yoast_head":"<!-- This site is optimized with the Yoast SEO plugin v27.3 - https:\/\/yoast.com\/product\/yoast-seo-wordpress\/ -->\n<title>Lid\u00e9 FORTNY - FORTNA<\/title>\n<meta name=\"robots\" content=\"index, follow, max-snippet:-1, max-image-preview:large, max-video-preview:-1\" \/>\n<link rel=\"canonical\" href=\"https:\/\/fortna-jobs.adecco.cz\/en\/lide-fortny\/\" \/>\n<meta property=\"og:locale\" content=\"en_US\" \/>\n<meta property=\"og:type\" content=\"article\" \/>\n<meta property=\"og:title\" content=\"Lid\u00e9 FORTNY - FORTNA\" \/>\n<meta property=\"og:description\" content=\"Lid\u00e9 FORTNY FORTNA: Sv\u011btov\u00e1 kari\u00e9ra kousek od v\u00e1s Kdy\u017e t\u011b\u017ekou pr\u00e1ci p\u0159eberou stroje, lidem to d\u00e1 prostor se rozv\u00edjet. Do nejmodern\u011bj\u0161\u00edho distribu\u010dn\u00edho centra v\u00a0Evrop\u011b l\u00e1k\u00e1 uchaze\u010de Hana \u0160matov\u00e1 ze spole\u010dnosti FORTNA. V roce 2026 otev\u0159e d\u00edky FORTN\u011a nedaleko Chebu nov\u00e9 distribu\u010dn\u00ed centrum. M\u00e1 b\u00fdt nejchyt\u0159ej\u0161\u00ed v Evrop\u011b. Co si pod t\u00edm p\u0159edstavit? P\u016fjde o vysoce [&hellip;]\" \/>\n<meta property=\"og:url\" content=\"https:\/\/fortna-jobs.adecco.cz\/en\/lide-fortny\/\" \/>\n<meta property=\"og:site_name\" content=\"FORTNA\" \/>\n<meta property=\"og:image\" content=\"https:\/\/fortna-jobs.adecco.cz\/wp-content\/uploads\/2026\/03\/Hana-Smatova.png\" \/>\n<meta name=\"twitter:card\" content=\"summary_large_image\" \/>\n<meta name=\"twitter:label1\" content=\"Est. reading time\" \/>\n\t<meta name=\"twitter:data1\" content=\"5 minutes\" \/>\n<script type=\"application\/ld+json\" class=\"yoast-schema-graph\">{\"@context\":\"https:\\\/\\\/schema.org\",\"@graph\":[{\"@type\":\"WebPage\",\"@id\":\"https:\\\/\\\/fortna-jobs.adecco.cz\\\/en\\\/lide-fortny\\\/\",\"url\":\"https:\\\/\\\/fortna-jobs.adecco.cz\\\/en\\\/lide-fortny\\\/\",\"name\":\"Lid\u00e9 FORTNY - FORTNA\",\"isPartOf\":{\"@id\":\"https:\\\/\\\/fortna-jobs.adecco.cz\\\/#website\"},\"primaryImageOfPage\":{\"@id\":\"https:\\\/\\\/fortna-jobs.adecco.cz\\\/en\\\/lide-fortny\\\/#primaryimage\"},\"image\":{\"@id\":\"https:\\\/\\\/fortna-jobs.adecco.cz\\\/en\\\/lide-fortny\\\/#primaryimage\"},\"thumbnailUrl\":\"https:\\\/\\\/fortna-jobs.adecco.cz\\\/wp-content\\\/uploads\\\/2026\\\/03\\\/Hana-Smatova.png\",\"datePublished\":\"2026-03-29T16:29:45+00:00\",\"breadcrumb\":{\"@id\":\"https:\\\/\\\/fortna-jobs.adecco.cz\\\/en\\\/lide-fortny\\\/#breadcrumb\"},\"inLanguage\":\"en-US\",\"potentialAction\":[{\"@type\":\"ReadAction\",\"target\":[\"https:\\\/\\\/fortna-jobs.adecco.cz\\\/en\\\/lide-fortny\\\/\"]}]},{\"@type\":\"ImageObject\",\"inLanguage\":\"en-US\",\"@id\":\"https:\\\/\\\/fortna-jobs.adecco.cz\\\/en\\\/lide-fortny\\\/#primaryimage\",\"url\":\"https:\\\/\\\/fortna-jobs.adecco.cz\\\/wp-content\\\/uploads\\\/2026\\\/03\\\/Hana-Smatova.png\",\"contentUrl\":\"https:\\\/\\\/fortna-jobs.adecco.cz\\\/wp-content\\\/uploads\\\/2026\\\/03\\\/Hana-Smatova.png\"},{\"@type\":\"BreadcrumbList\",\"@id\":\"https:\\\/\\\/fortna-jobs.adecco.cz\\\/en\\\/lide-fortny\\\/#breadcrumb\",\"itemListElement\":[{\"@type\":\"ListItem\",\"position\":1,\"name\":\"Home\",\"item\":\"https:\\\/\\\/fortna-jobs.adecco.cz\\\/en\\\/\"},{\"@type\":\"ListItem\",\"position\":2,\"name\":\"Lid\u00e9 FORTNY\"}]},{\"@type\":\"WebSite\",\"@id\":\"https:\\\/\\\/fortna-jobs.adecco.cz\\\/#website\",\"url\":\"https:\\\/\\\/fortna-jobs.adecco.cz\\\/\",\"name\":\"FORTNA\",\"description\":\"Faster. Smarter. Better.\",\"publisher\":{\"@id\":\"https:\\\/\\\/fortna-jobs.adecco.cz\\\/#organization\"},\"potentialAction\":[{\"@type\":\"SearchAction\",\"target\":{\"@type\":\"EntryPoint\",\"urlTemplate\":\"https:\\\/\\\/fortna-jobs.adecco.cz\\\/?s={search_term_string}\"},\"query-input\":{\"@type\":\"PropertyValueSpecification\",\"valueRequired\":true,\"valueName\":\"search_term_string\"}}],\"inLanguage\":\"en-US\"},{\"@type\":\"Organization\",\"@id\":\"https:\\\/\\\/fortna-jobs.adecco.cz\\\/#organization\",\"name\":\"FORTNA\",\"url\":\"https:\\\/\\\/fortna-jobs.adecco.cz\\\/\",\"logo\":{\"@type\":\"ImageObject\",\"inLanguage\":\"en-US\",\"@id\":\"https:\\\/\\\/fortna-jobs.adecco.cz\\\/#\\\/schema\\\/logo\\\/image\\\/\",\"url\":\"https:\\\/\\\/fortna-jobs.adecco.cz\\\/wp-content\\\/uploads\\\/2025\\\/03\\\/fortna-logo.svg\",\"contentUrl\":\"https:\\\/\\\/fortna-jobs.adecco.cz\\\/wp-content\\\/uploads\\\/2025\\\/03\\\/fortna-logo.svg\",\"width\":571,\"height\":100,\"caption\":\"FORTNA\"},\"image\":{\"@id\":\"https:\\\/\\\/fortna-jobs.adecco.cz\\\/#\\\/schema\\\/logo\\\/image\\\/\"}}]}<\/script>\n<!-- \/ Yoast SEO plugin. -->","yoast_head_json":{"title":"Lid\u00e9 FORTNY - FORTNA","robots":{"index":"index","follow":"follow","max-snippet":"max-snippet:-1","max-image-preview":"max-image-preview:large","max-video-preview":"max-video-preview:-1"},"canonical":"https:\/\/fortna-jobs.adecco.cz\/en\/lide-fortny\/","og_locale":"en_US","og_type":"article","og_title":"Lid\u00e9 FORTNY - FORTNA","og_description":"Lid\u00e9 FORTNY FORTNA: Sv\u011btov\u00e1 kari\u00e9ra kousek od v\u00e1s Kdy\u017e t\u011b\u017ekou pr\u00e1ci p\u0159eberou stroje, lidem to d\u00e1 prostor se rozv\u00edjet. Do nejmodern\u011bj\u0161\u00edho distribu\u010dn\u00edho centra v\u00a0Evrop\u011b l\u00e1k\u00e1 uchaze\u010de Hana \u0160matov\u00e1 ze spole\u010dnosti FORTNA. V roce 2026 otev\u0159e d\u00edky FORTN\u011a nedaleko Chebu nov\u00e9 distribu\u010dn\u00ed centrum. M\u00e1 b\u00fdt nejchyt\u0159ej\u0161\u00ed v Evrop\u011b. Co si pod t\u00edm p\u0159edstavit? P\u016fjde o vysoce [&hellip;]","og_url":"https:\/\/fortna-jobs.adecco.cz\/en\/lide-fortny\/","og_site_name":"FORTNA","og_image":[{"url":"https:\/\/fortna-jobs.adecco.cz\/wp-content\/uploads\/2026\/03\/Hana-Smatova.png","type":"","width":"","height":""}],"twitter_card":"summary_large_image","twitter_misc":{"Est. reading time":"5 minutes"},"schema":{"@context":"https:\/\/schema.org","@graph":[{"@type":"WebPage","@id":"https:\/\/fortna-jobs.adecco.cz\/en\/lide-fortny\/","url":"https:\/\/fortna-jobs.adecco.cz\/en\/lide-fortny\/","name":"Lid\u00e9 FORTNY - FORTNA","isPartOf":{"@id":"https:\/\/fortna-jobs.adecco.cz\/#website"},"primaryImageOfPage":{"@id":"https:\/\/fortna-jobs.adecco.cz\/en\/lide-fortny\/#primaryimage"},"image":{"@id":"https:\/\/fortna-jobs.adecco.cz\/en\/lide-fortny\/#primaryimage"},"thumbnailUrl":"https:\/\/fortna-jobs.adecco.cz\/wp-content\/uploads\/2026\/03\/Hana-Smatova.png","datePublished":"2026-03-29T16:29:45+00:00","breadcrumb":{"@id":"https:\/\/fortna-jobs.adecco.cz\/en\/lide-fortny\/#breadcrumb"},"inLanguage":"en-US","potentialAction":[{"@type":"ReadAction","target":["https:\/\/fortna-jobs.adecco.cz\/en\/lide-fortny\/"]}]},{"@type":"ImageObject","inLanguage":"en-US","@id":"https:\/\/fortna-jobs.adecco.cz\/en\/lide-fortny\/#primaryimage","url":"https:\/\/fortna-jobs.adecco.cz\/wp-content\/uploads\/2026\/03\/Hana-Smatova.png","contentUrl":"https:\/\/fortna-jobs.adecco.cz\/wp-content\/uploads\/2026\/03\/Hana-Smatova.png"},{"@type":"BreadcrumbList","@id":"https:\/\/fortna-jobs.adecco.cz\/en\/lide-fortny\/#breadcrumb","itemListElement":[{"@type":"ListItem","position":1,"name":"Home","item":"https:\/\/fortna-jobs.adecco.cz\/en\/"},{"@type":"ListItem","position":2,"name":"Lid\u00e9 FORTNY"}]},{"@type":"WebSite","@id":"https:\/\/fortna-jobs.adecco.cz\/#website","url":"https:\/\/fortna-jobs.adecco.cz\/","name":"FORTNA","description":"Faster. Smarter. Better.","publisher":{"@id":"https:\/\/fortna-jobs.adecco.cz\/#organization"},"potentialAction":[{"@type":"SearchAction","target":{"@type":"EntryPoint","urlTemplate":"https:\/\/fortna-jobs.adecco.cz\/?s={search_term_string}"},"query-input":{"@type":"PropertyValueSpecification","valueRequired":true,"valueName":"search_term_string"}}],"inLanguage":"en-US"},{"@type":"Organization","@id":"https:\/\/fortna-jobs.adecco.cz\/#organization","name":"FORTNA","url":"https:\/\/fortna-jobs.adecco.cz\/","logo":{"@type":"ImageObject","inLanguage":"en-US","@id":"https:\/\/fortna-jobs.adecco.cz\/#\/schema\/logo\/image\/","url":"https:\/\/fortna-jobs.adecco.cz\/wp-content\/uploads\/2025\/03\/fortna-logo.svg","contentUrl":"https:\/\/fortna-jobs.adecco.cz\/wp-content\/uploads\/2025\/03\/fortna-logo.svg","width":571,"height":100,"caption":"FORTNA"},"image":{"@id":"https:\/\/fortna-jobs.adecco.cz\/#\/schema\/logo\/image\/"}}]}},"_links":{"self":[{"href":"https:\/\/fortna-jobs.adecco.cz\/en\/wp-json\/wp\/v2\/pages\/2044","targetHints":{"allow":["GET"]}}],"collection":[{"href":"https:\/\/fortna-jobs.adecco.cz\/en\/wp-json\/wp\/v2\/pages"}],"about":[{"href":"https:\/\/fortna-jobs.adecco.cz\/en\/wp-json\/wp\/v2\/types\/page"}],"author":[{"embeddable":true,"href":"https:\/\/fortna-jobs.adecco.cz\/en\/wp-json\/wp\/v2\/users\/1"}],"replies":[{"embeddable":true,"href":"https:\/\/fortna-jobs.adecco.cz\/en\/wp-json\/wp\/v2\/comments?post=2044"}],"version-history":[{"count":0,"href":"https:\/\/fortna-jobs.adecco.cz\/en\/wp-json\/wp\/v2\/pages\/2044\/revisions"}],"wp:attachment":[{"href":"https:\/\/fortna-jobs.adecco.cz\/en\/wp-json\/wp\/v2\/media?parent=2044"}],"curies":[{"name":"wp","href":"https:\/\/api.w.org\/{rel}","templated":true}]}}